{"id":967,"date":"2026-03-23T23:25:15","date_gmt":"2026-03-23T23:25:15","guid":{"rendered":"https:\/\/bisonthe.com.mx\/?page_id=967"},"modified":"2026-03-24T00:08:57","modified_gmt":"2026-03-24T00:08:57","slug":"politicas-de-entrega","status":"publish","type":"page","link":"https:\/\/bisonthe.com.mx\/index.php\/politicas-de-entrega\/","title":{"rendered":"POLITICAS DE ENTREGA"},"content":{"rendered":"\n<h3 class=\"wp-block-heading\">COMPRAS EN L\u00cdNEA.<\/h3>\n\n\n\n<p>Estimado cliente, agradecemos su visita y le informamos que al acceder a nuestro sitio y realizar alguna transacci\u00f3n se entiende que usted est\u00e1 enterado del presente acuerdo y lo acepta.<\/p>\n\n\n\n<p>Al visitar\u00a0www.bisonthe.com.mx, queda sujeto(a) a los lineamientos, derechos y restricciones aqu\u00ed mencionadas.\u00a0<strong>BISONTHE<\/strong>\u00a0se reserva el derecho de modificar este documento en el momento y bajo las circunstancias que m\u00e1s le convengan, siendo estos cambios vigentes en el momento mismo de su publicaci\u00f3n.<\/p>\n\n\n\n<p>Si usted va a realizar una compra a trav\u00e9s de\u00a0www.bisonthe.com.mx\u00a0es de suma importancia conocer la siguiente informaci\u00f3n:<\/p>\n\n\n\n<h3 class=\"wp-block-heading\">ACEPTACI\u00d3N DE T\u00c9RMINOS LEGALES.<\/h3>\n\n\n\n<p>Para ofrecer un ambiente seguro y agradable a nuestros clientes y visitantes, hemos establecido reglas y t\u00e9rminos bajo los cuales se delimitan las \u00e1reas de responsabilidad y derechos, tanto de\u00a0<strong>BISONTHE<\/strong>\u00a0como de nuestros clientes y visitantes.<\/p>\n\n\n\n<h2 class=\"wp-block-heading\">POL\u00cdTICA DE ENTREGA<\/h2>\n\n\n\n<h3 class=\"wp-block-heading\">COBERTURA.<\/h3>\n\n\n\n<p><strong>BISONTHE<\/strong>\u00a0realiza despachos a todo el territorio mexicano a trav\u00e9s de las paqueter\u00edas Estafeta (con un peso m\u00e1ximo de 69 Kgs.) y Tres Guerras (con un rango de 70-99 Kgs.).<\/p>\n\n\n\n<p>En caso de exceder los 99 Kgs. el env\u00edo ser\u00e1 a trav\u00e9s de una fletera de carga.<\/p>\n\n\n\n<p>Si el importe del env\u00edo rebasa a lo estipulado por las paqueter\u00edas mencionadas, el excedente deber\u00e1 ser cubierto por el cliente, el ejecutivo en turno le notificar\u00e1 por medio de una cotizaci\u00f3n.<\/p>\n\n\n\n<p>Los env\u00edos est\u00e1n sujetos a la cobertura log\u00edstica de cada paqueter\u00eda o fletera de carga, por lo cual algunas poblaciones pueden estar limitadas y\/o restringidas debido a su ubicaci\u00f3n geogr\u00e1fica, y pesos\/dimensiones del producto. Cuando este sea el caso, el env\u00edo se realizar\u00e1 a OCURRE FORZOSO a la sucursal m\u00e1s cercana a su domicilio. Puede consultar su cobertura de env\u00edo en los siguientes links:<\/p>\n\n\n\n<p><a target=\"_blank\" href=\"https:\/\/www.estafeta.com\/Herramientas\/Rastreo\" rel=\"noreferrer noopener\">www.estafeta.com\/Herramientas\/Rastreo<\/a><br><a target=\"_blank\" href=\"https:\/\/www.tresguerras.com.mx\/3G\/cobertura.php\" rel=\"noreferrer noopener\">www.tresguerras.com.mx\/3G\/cobertura<\/a><\/p>\n\n\n\n<p>Es importante destacar que\u00a0<strong>BISONTHE<\/strong>\u00a0no recibe pagos contra entregas.<\/p>\n\n\n\n<h3 class=\"wp-block-heading\">COSTO DEL ENV\u00cdO.<\/h3>\n\n\n\n<p>El costo de env\u00edo ser\u00e1 determinado en cada caso particular dependiendo de la paqueter\u00eda o fletera de carga, el destino, peso (kgs.) y volumen (dimensiones) del producto. Este valor se calcular\u00e1 en el proceso de la compra y le ser\u00e1 informado en el momento de la liquidaci\u00f3n de la orden, antes de que realice el pago.<\/p>\n\n\n\n<h3 class=\"wp-block-heading\">CONDICIONES EN PROMOCI\u00d3N DE ENV\u00cdO GRATIS.<\/h3>\n\n\n\n<p>La promoci\u00f3n vigente con env\u00edo gratis solo aplica para compras superiores a $1,500 tomando en cuenta las siguientes restricciones:<\/p>\n\n\n\n<p>\u2013 Aplica solo en equipos con peso menor a 50 kgs. (Estafeta).<\/p>\n\n\n\n<p>\u2013 Esta promoci\u00f3n es exclusiva de la tienda online.<\/p>\n\n\n\n<p>\u2013 No aplica en tiendas f\u00edsicas.<\/p>\n\n\n\n<p>\u2013 No aplica en productos de remate<\/p>\n\n\n\n<h2 class=\"wp-block-heading\">COMPRA EN L\u00cdNEA, RECOGE EN TIENDA<\/h2>\n\n\n\n<h3 class=\"wp-block-heading\">BENEFICIOS:<\/h3>\n\n\n\n<p>\u2013 Compra r\u00e1pida, segura y sin gastos de env\u00edo.<\/p>\n\n\n\n<p>\u2013 Adquiere tus productos desde la comodidad de tu casa u oficina.<\/p>\n\n\n\n<p>\u2013 Sin costo adicional por servicio.<\/p>\n\n\n\n<p>\u2013 Recoge en cualquier momento, una vez recibido el mail de confirmaci\u00f3n en la tienda de tu elecci\u00f3n.<\/p>\n\n\n\n<p>Con el nuevo servicio&nbsp;<strong>COMPRA EN L\u00cdNEA, RECOGE EN TIENDA<\/strong>&nbsp;puedes adquirir los productos de tu elecci\u00f3n en l\u00ednea de manera segura y recogerlos en la tienda que elijas.&nbsp;<strong>**Tiempo de entrega sujeto a disponibilidad de inventario en la sucursal seleccionada. Te notificaremos v\u00eda correo electr\u00f3nico cuando tu mercanc\u00eda se encuentre lista para que pases a recogerla en la tienda que elegiste con un horario de Lunes a Viernes de 9 am a 5 pm y S\u00e1bados de 9 am a 1 pm sin ning\u00fan costo extra.<\/strong><\/p>\n\n\n\n<h2 class=\"wp-block-heading\">COMPRA EN L\u00cdNEA, RECOGE EN TIENDA<\/h2>\n\n\n\n<h3 class=\"wp-block-heading\">BENEFICIOS:<\/h3>\n\n\n\n<p>\u2013 Compra r\u00e1pida, segura y sin gastos de env\u00edo.<\/p>\n\n\n\n<p>\u2013 Adquiere tus productos desde la comodidad de tu casa u oficina.<\/p>\n\n\n\n<p>\u2013 Sin costo adicional por servicio.<\/p>\n\n\n\n<p>\u2013 Recoge en cualquier momento, una vez recibido el mail de confirmaci\u00f3n en la tienda de tu elecci\u00f3n.<\/p>\n\n\n\n<p>Con el nuevo servicio&nbsp;<strong>COMPRA EN L\u00cdNEA, RECOGE EN TIENDA<\/strong>&nbsp;puedes adquirir los productos de tu elecci\u00f3n en l\u00ednea de manera segura y recogerlos en la tienda que elijas.&nbsp;<strong>**Tiempo de entrega sujeto a disponibilidad de inventario en la sucursal seleccionada. Te notificaremos v\u00eda correo electr\u00f3nico cuando tu mercanc\u00eda se encuentre lista para que pases a recogerla en la tienda que elegiste con un horario de Lunes a Viernes de 9 am a 5 pm y S\u00e1bados de 9 am a 1 pm sin ning\u00fan costo extra.<\/strong><\/p>\n\n\n\n<p>A partir de que recibas el correo electr\u00f3nico, tendr\u00e1s 10 d\u00edas h\u00e1biles para recoger tus productos. Deber\u00e1s entregar una copia de tu identificaci\u00f3n oficial vigente** y copia de la factura o nota de venta por los productos adquiridos.<strong>**POR TU SEGURIDAD, \u00daNICAMENTE LA PERSONA QUE REALIZ\u00d3 LA COMPRA EN L\u00cdNEA PODR\u00c1 RECOGER LA MERCANC\u00cdA EN LA TIENDA SELECCIONADA. EN CASO DE QUE EL TITULAR QUE REALIZO LA COMPRA NO PUEDA RECOGER LA MERCANC\u00cdA, DEBER\u00c1 DAR AVISO V\u00cdA CORREO ELECTR\u00d3NICO MENCIONANDO LA PERSONA AUTORIZADA PARA RECOGER DICHO PEDIDO EN LA TIENDA SELECCIONADA.<\/strong><\/p>\n\n\n\n<p>En caso de que tengas alguna inquietud con el despacho de tu pedido puedes comunicarte a la l\u00ednea de Servicio al cliente de\u00a0<strong>BISONTHE<\/strong>\u00a0al (844) 2989910, al n\u00famero de atenci\u00f3n en whatsapp 8442989910  (en horario de lunes a viernes de 9am-6pm y s\u00e1bados de 9am-2pm), a trav\u00e9s de nuestro correo ventasonline@bisonthe.com.mx, o en nuestra p\u00e1gina web\u00a0https:\/\/www.bisonthe.com.mx\u00a0en la secci\u00f3n de chat en l\u00ednea donde con gusto te atenderemos.<\/p>\n\n\n\n<p><\/p>\n","protected":false},"excerpt":{"rendered":"<p>COMPRAS EN L\u00cdNEA. Estimado cliente, agradecemos su visita y le informamos que al acceder a nuestro sitio y realizar alguna transacci\u00f3n se entiende que usted est\u00e1 enterado del presente acuerdo y lo acepta. Al visitar\u00a0www.bisonthe.com.mx, queda sujeto(a) a los lineamientos, derechos y restricciones aqu\u00ed mencionadas.\u00a0BISONTHE\u00a0se reserva el derecho de modificar este documento en el momento [&hellip;]<\/p>\n","protected":false},"author":1,"featured_media":0,"parent":0,"menu_order":0,"comment_status":"closed","ping_status":"closed","template":"","meta":{"_joinchat":[],"footnotes":""},"class_list":["post-967","page","type-page","status-publish","hentry"],"_links":{"self":[{"href":"https:\/\/bisonthe.com.mx\/index.php\/wp-json\/wp\/v2\/pages\/967","targetHints":{"allow":["GET"]}}],"collection":[{"href":"https:\/\/bisonthe.com.mx\/index.php\/wp-json\/wp\/v2\/pages"}],"about":[{"href":"https:\/\/bisonthe.com.mx\/index.php\/wp-json\/wp\/v2\/types\/page"}],"author":[{"embeddable":true,"href":"https:\/\/bisonthe.com.mx\/index.php\/wp-json\/wp\/v2\/users\/1"}],"replies":[{"embeddable":true,"href":"https:\/\/bisonthe.com.mx\/index.php\/wp-json\/wp\/v2\/comments?post=967"}],"version-history":[{"count":2,"href":"https:\/\/bisonthe.com.mx\/index.php\/wp-json\/wp\/v2\/pages\/967\/revisions"}],"predecessor-version":[{"id":982,"href":"https:\/\/bisonthe.com.mx\/index.php\/wp-json\/wp\/v2\/pages\/967\/revisions\/982"}],"wp:attachment":[{"href":"https:\/\/bisonthe.com.mx\/index.php\/wp-json\/wp\/v2\/media?parent=967"}],"curies":[{"name":"wp","href":"https:\/\/api.w.org\/{rel}","templated":true}]}}