{"id":971,"date":"2026-03-23T23:26:30","date_gmt":"2026-03-23T23:26:30","guid":{"rendered":"https:\/\/bisonthe.com.mx\/?page_id=971"},"modified":"2026-03-23T23:56:05","modified_gmt":"2026-03-23T23:56:05","slug":"aviso-de-privacidad","status":"publish","type":"page","link":"https:\/\/bisonthe.com.mx\/index.php\/aviso-de-privacidad\/","title":{"rendered":"AVISO DE PRIVACIDAD"},"content":{"rendered":"\n<h3 class=\"wp-block-heading\"><strong>\u00bfPara qu\u00e9 fines utilizaremos sus datos personales?<\/strong><\/h3>\n\n\n\n<p>Los datos personales que recabamos de usted, los utilizaremos para las siguientes finalidades que son necesarias para el servicio que solicita:<\/p>\n\n\n\n<ol class=\"wp-block-list\">\n<li>Informar sobre nuevos productos.<\/li>\n\n\n\n<li>Elaboraci\u00f3n de facturas electr\u00f3nicas.<\/li>\n\n\n\n<li>Mercadotecnia o publicidad.<\/li>\n\n\n\n<li>Prospecci\u00f3n comercial.<\/li>\n\n\n\n<li>Seguimiento a compras, cambios y devoluciones.<\/li>\n<\/ol>\n\n\n\n<h3 class=\"wp-block-heading\"><strong>\u00bfQu\u00e9 datos personales utilizaremos para estos fines?<\/strong><\/h3>\n\n\n\n<p>Para llevar a cabo las finalidades descritas en el presente aviso de privacidad, utilizaremos los siguientes datos personales:<\/p>\n\n\n\n<ol class=\"wp-block-list\">\n<li>1.- Datos de identificaci\u00f3n.<\/li>\n\n\n\n<li>2.- Datos de contacto.<\/li>\n\n\n\n<li>3.- Domicilio fiscal (solo en caso de facturaci\u00f3n).<\/li>\n\n\n\n<li>4.- RFC (solo en caso de facturaci\u00f3n).<\/li>\n\n\n\n<li>5.- Correo electr\u00f3nico para seguimiento a compras, cambios y devoluciones.<\/li>\n\n\n\n<li>6.- N\u00famero telef\u00f3nico para para seguimiento a compras, cambios y devoluciones.<\/li>\n\n\n\n<li>7.- Datos bancarios para compras, cambios y devoluciones.<\/li>\n<\/ol>\n\n\n\n<h3 class=\"wp-block-heading\"><strong>\u00bfC\u00f3mo puede acceder, rectificar o cancelar sus datos personales, u oponerse a su uso?<\/strong><\/h3>\n\n\n\n<p>Usted tiene derecho a conocer qu\u00e9 datos personales tenemos de usted, para qu\u00e9 los utilizamos y las condiciones del uso que les damos (Acceso). Asimismo, es su derecho solicitar la correcci\u00f3n de su informaci\u00f3n personal en caso de que est\u00e9 desactualizada, sea inexacta o incompleta (Rectificaci\u00f3n); que la eliminemos de nuestros registros o bases de datos cuando considere que la misma no est\u00e1 siendo utilizada adecuadamente (Cancelaci\u00f3n); as\u00ed como oponerse al uso de sus datos personales para fines espec\u00edficos (Oposici\u00f3n). Estos derechos se conocen como derechos ARCO.<\/p>\n\n\n\n<p>Para el ejercicio de cualquiera de los derechos ARCO, usted deber\u00e1 presentar la solicitud respectiva enviando un correo a la direcci\u00f3n electr\u00f3nica avisoprivacidad@bisonthe.com.mx, o por escrito a la direcci\u00f3n se\u00f1alada como domicilio del responsable dirigido a Quien corresponda, cubriendo los siguientes requisitos:<\/p>\n\n\n\n<ol class=\"wp-block-list\">\n<li>Acreditar su identidad con Identificaci\u00f3n oficial vigente, y en caso de ser representante legal del titular presentar identificaci\u00f3n oficial vigente y poder notarial, anexando a la solicitud carta escaneada, incluyendo firma aut\u00f3grafa del titular o representante.<\/li>\n\n\n\n<li>Se\u00f1alar un domicilio, tel\u00e9fono o correo electr\u00f3nico u otro medio para comunicarle la respuesta a su solicitud<\/li>\n\n\n\n<li>Incluir una descripci\u00f3n clara y precisa de los datos personales respecto de los cuales ejercitar\u00e1 los derechos que les confiere la Ley Federal de Protecci\u00f3n de Datos Personales en Posesi\u00f3n de los Particulares.<\/li>\n\n\n\n<li>Incluir cualquier elemento o documento que facilite la localizaci\u00f3n de los datos personales de que se traten.<\/li>\n<\/ol>\n\n\n\n<h3 class=\"wp-block-heading\"><strong>\u00bfC\u00f3mo y en cu\u00e1nto tiempo obtendr\u00e1 la respuesta?<\/strong><\/h3>\n\n\n\n<p>La respuesta se la comunicaremos al titular por el mismo medio en que se haya solicitado en un plazo m\u00e1ximo de 15 d\u00edas h\u00e1biles. Los medios en que se pueden reproducir los datos personales que, en su caso, solicite el titular ser\u00e1n por escrito o correo electr\u00f3nico.<\/p>\n\n\n\n<p>Los datos de contacto de la persona o departamento de datos personales, que est\u00e1 a cargo de dar tr\u00e1mite a las solicitudes de derechos ARCO, son los siguientes:<\/p>\n\n\n\n<p>Departamento: Aviso de privacidad de\u00a0<strong>Bisonthe<\/strong>.<\/p>\n\n\n\n<p>Domicilio: Alvaro Obregon #300 col centro Saltillo Coahuila, dentro de los Estados Unidos Mexicanos; con portal de internet\u00a0www.bisonthe.com.mx<\/p>\n\n\n\n<h3 class=\"wp-block-heading\"><strong>\u00bfC\u00f3mo puedo revocar el consentimiento de uso de datos personales?<\/strong><\/h3>\n\n\n\n<p>Usted puede revocar el consentimiento que, en su caso, nos haya otorgado para el tratamiento de sus datos personales. Sin embargo, es importante que tenga en cuenta que no en todos los casos podremos atender su solicitud o concluir el uso de forma inmediata, ya que es posible que por alguna obligaci\u00f3n legal requiramos seguir tratando sus datos personales. Asimismo, usted deber\u00e1 considerar que para ciertos fines, la revocaci\u00f3n de su consentimiento implicar\u00e1 que no le podamos seguir prestando el servicio que nos solicit\u00f3, o la conclusi\u00f3n de su relaci\u00f3n con nosotros.<\/p>\n\n\n\n<p>Para revocar su consentimiento usted deber\u00e1 presentar la solicitud respectiva enviando un correo a la direcci\u00f3n electr\u00f3nica avisoprivacidad@bisonthe.com.mx, o por escrito a la direcci\u00f3n se\u00f1alada como domicilio del responsable dirigido a Quien corresponda, cubriendo los siguientes requisitos:<\/p>\n\n\n\n<p>domicilio del responsable dirigido a Quien corresponda, cubriendo los siguientes requisitos:<\/p>\n\n\n\n<ol class=\"wp-block-list\">\n<li>Acreditar su identidad con Identificaci\u00f3n oficial vigente, y en caso de ser representante legal del titular presentar identificaci\u00f3n oficial vigente y poder notarial, anexando a la solicitud carta escaneada, incluyendo firma aut\u00f3grafa del titular o representante.<\/li>\n\n\n\n<li>Se\u00f1alar un domicilio, tel\u00e9fono o correo electr\u00f3nico u otro medio para comunicarle la respuesta a su solicitud.<\/li>\n\n\n\n<li>Incluir una descripci\u00f3n clara y precisa de los datos personales respecto de los cuales ejercitar\u00e1 los derechos que les confiere la Ley Federal de Protecci\u00f3n de Datos Personales en Posesi\u00f3n de los Particulares.<\/li>\n\n\n\n<li>Incluir cualquier elemento o documento que facilite la localizaci\u00f3n de los datos personales de que se traten.<\/li>\n<\/ol>\n\n\n\n<h3 class=\"wp-block-heading\"><strong>\u00bfC\u00f3mo y en cuanto tiempo obtendr\u00e1 la respuesta?<\/strong><\/h3>\n\n\n\n<p>La respuesta se la comunicaremos al titular por el mismo medio en que se haya solicitado en un plazo m\u00e1ximo de 15 d\u00edas h\u00e1biles. Los medios en que se pueden reproducir los datos personales que, en su caso, solicite el titular ser\u00e1n por escrito o correo electr\u00f3nico.<\/p>\n\n\n\n<h3 class=\"wp-block-heading\"><strong>\u00bfC\u00f3mo puede limitar el uso o divulgaci\u00f3n de su informaci\u00f3n personal?<\/strong><\/h3>\n\n\n\n<p>Con objeto de que usted pueda limitar el uso y divulgaci\u00f3n de su informaci\u00f3n personal, usted deber\u00e1 presentar la solicitud respectiva enviando un correo a la direcci\u00f3n electr\u00f3nica avisoprivacidad@bisonthe.com.mx, o por escrito a la direcci\u00f3n se\u00f1alada como domicilio del responsable dirigido a Quien corresponda, cubriendo los siguientes requisitos:<\/p>\n\n\n\n<ol class=\"wp-block-list\">\n<li>Acreditar su identidad con Identificaci\u00f3n oficial vigente, y en caso de ser representante legal del titular presentar identificaci\u00f3n oficial vigente y poder notarial, anexando a la solicitud carta escaneada, incluyendo firma aut\u00f3grafa del titular o representante.<\/li>\n\n\n\n<li>Se\u00f1alar un domicilio, tel\u00e9fono o correo electr\u00f3nico u otro medio para comunicarle la respuesta a su solicitud<\/li>\n\n\n\n<li>Incluir una descripci\u00f3n clara y precisa de los datos personales respecto de los cuales ejercitar\u00e1 los derechos que les confiere la Ley Federal de Protecci\u00f3n de Datos Personales en Posesi\u00f3n de los Particulares.<\/li>\n\n\n\n<li>Incluir cualquier elemento o documento que facilite la localizaci\u00f3n de los datos personales de que se traten.<\/li>\n<\/ol>\n\n\n\n<h3 class=\"wp-block-heading\"><strong>\u00bfC\u00f3mo y en cuanto tiempo obtendr\u00e1 la respuesta?<\/strong><\/h3>\n\n\n\n<p>La respuesta se la comunicaremos al titular por el mismo medio en que se haya solicitado en un plazo m\u00e1ximo de 15 d\u00edas h\u00e1biles. Los medios en que se pueden reproducir los datos personales que, en su caso, solicite el titular ser\u00e1n por escrito o correo electr\u00f3nico.<\/p>\n\n\n\n<h3 class=\"wp-block-heading\"><strong>El uso de tecnolog\u00edas de rastreo en nuestro portal de internet<\/strong><\/h3>\n\n\n\n<p>Le informamos que en nuestra p\u00e1gina de internet utilizamos cookies, web beacons u otras tecnolog\u00edas, a trav\u00e9s de las cuales es posible monitorear su comportamiento como usuario de internet, as\u00ed como brindarle un mejor servicio y experiencia al navegar en nuestra p\u00e1gina. Los datos personales que recabamos a trav\u00e9s de estas tecnolog\u00edas, los utilizaremos para los siguientes fines:<\/p>\n\n\n\n<ol class=\"wp-block-list\">\n<li>Mejor experiencia en la navegaci\u00f3n del sitio web.<\/li>\n\n\n\n<li>Mercadotecnia.<\/li>\n\n\n\n<li>Publicidad seg\u00fan el historial de navegaci\u00f3n.<\/li>\n\n\n\n<li>Segmentaci\u00f3n de pauta.<\/li>\n<\/ol>\n\n\n\n<p>Los datos personales que obtenemos de estas tecnolog\u00edas de rastreo son los siguientes:<\/p>\n\n\n\n<ol class=\"wp-block-list\">\n<li>Identificadores, nombre de usuario y contrase\u00f1as de una sesi\u00f3n.<\/li>\n\n\n\n<li>Idioma preferido por el usuario.<\/li>\n\n\n\n<li>Regi\u00f3n en la que se encuentra el usuario.<\/li>\n\n\n\n<li>Tipo de navegador del usuario.<\/li>\n\n\n\n<li>Tipo de sistema operativo del usuario.<\/li>\n\n\n\n<li>Fecha y hora del inicio y final de una sesi\u00f3n de un usuario.<\/li>\n\n\n\n<li>P\u00e1ginas web visitadas por un usuario.<\/li>\n\n\n\n<li>B\u00fasquedas realizadas por un usuario.<\/li>\n\n\n\n<li>Publicidad revisada por un usuario.<\/li>\n\n\n\n<li>Listas y h\u00e1bitos de consumo en p\u00e1ginas de compras.<\/li>\n<\/ol>\n\n\n\n<p>Para un mejor entendimiento, te explicamos el significado de estas tecnolog\u00edas:<\/p>\n\n\n\n<p>Cookies: Son un archivo de datos que se almacena en el disco duro del equipo de c\u00f3mputo o del dispositivo de comunicaciones electr\u00f3nicas de un usuario al navegar en un sitio de Internet espec\u00edfico, el cual permite intercambiar informaci\u00f3n de estado entre dicho sitio y el navegador del usuario. La informaci\u00f3n de estado puede revelar medios de identificaci\u00f3n de sesi\u00f3n, autenticaci\u00f3n o preferencias del usuario, as\u00ed como cualquier otro dato almacenado por el navegador respecto al sitio de Internet.<\/p>\n\n\n\n<p>Web beacons: Son una imagen visible u oculta insertada dentro de un sitio web o correo electr\u00f3nico, que se utiliza para monitorear el comportamiento del usuario en estos medios. A trav\u00e9s de \u00e9stos se puede obtener informaci\u00f3n como la direcci\u00f3n IP de origen, navegador utilizado, sistema operativo, momento en que se accedi\u00f3 a la p\u00e1gina, y en el caso del correo electr\u00f3nico, la asociaci\u00f3n de los datos anteriores con el destinatario.<\/p>\n\n\n\n<h3 class=\"wp-block-heading\"><strong>\u00bfC\u00f3mo puede conocer los cambios en este aviso de privacidad?<\/strong><\/h3>\n\n\n\n<p>El presente aviso de privacidad puede sufrir modificaciones, cambios o actualizaciones derivadas de nuevos requerimientos legales; de nuestras propias necesidades por los productos o servicios que ofrecemos; de nuestras pr\u00e1cticas de privacidad; de cambios en nuestro modelo de negocio, o por otras causas.<\/p>\n\n\n\n<p>Nos comprometemos a mantenerlo informado sobre los cambios que pueda sufrir el presente aviso de privacidad, a trav\u00e9s de la p\u00e1gina de internet\u00a0<a href=\"http:\/\/www.raiker.com.mx\/\">www.bisonthe.com.mx<\/a>.<\/p>\n\n\n\n<p>El procedimiento a trav\u00e9s del cual se llevar\u00e1n a cabo las notificaciones sobre cambios o actualizaciones al presente aviso de privacidad ser\u00e1:<\/p>\n\n\n\n<p>Ingresar en nuestro portal de internet\u00a0<a href=\"http:\/\/www.raiker.com.mx\/\">www.bisonthe.com.mx<\/a>\u00a0y seleccionar la liga denominada \u00abAviso de Privacidad\u00bb.<\/p>\n\n\n\n<h3 class=\"wp-block-heading\"><strong>Su consentimiento para el tratamiento de sus datos personales.<\/strong><\/h3>\n\n\n\n<p>Consiento que mis datos personales sean tratados de conformidad con los t\u00e9rminos y condiciones informados en el presente aviso de privacidad.<\/p>\n\n\n\n<p><\/p>\n","protected":false},"excerpt":{"rendered":"<p>\u00bfPara qu\u00e9 fines utilizaremos sus datos personales? Los datos personales que recabamos de usted, los utilizaremos para las siguientes finalidades que son necesarias para el servicio que solicita: \u00bfQu\u00e9 datos personales utilizaremos para estos fines? Para llevar a cabo las finalidades descritas en el presente aviso de privacidad, utilizaremos los siguientes datos personales: \u00bfC\u00f3mo puede [&hellip;]<\/p>\n","protected":false},"author":1,"featured_media":0,"parent":0,"menu_order":0,"comment_status":"closed","ping_status":"closed","template":"","meta":{"_joinchat":[],"footnotes":""},"class_list":["post-971","page","type-page","status-publish","hentry"],"_links":{"self":[{"href":"https:\/\/bisonthe.com.mx\/index.php\/wp-json\/wp\/v2\/pages\/971","targetHints":{"allow":["GET"]}}],"collection":[{"href":"https:\/\/bisonthe.com.mx\/index.php\/wp-json\/wp\/v2\/pages"}],"about":[{"href":"https:\/\/bisonthe.com.mx\/index.php\/wp-json\/wp\/v2\/types\/page"}],"author":[{"embeddable":true,"href":"https:\/\/bisonthe.com.mx\/index.php\/wp-json\/wp\/v2\/users\/1"}],"replies":[{"embeddable":true,"href":"https:\/\/bisonthe.com.mx\/index.php\/wp-json\/wp\/v2\/comments?post=971"}],"version-history":[{"count":2,"href":"https:\/\/bisonthe.com.mx\/index.php\/wp-json\/wp\/v2\/pages\/971\/revisions"}],"predecessor-version":[{"id":980,"href":"https:\/\/bisonthe.com.mx\/index.php\/wp-json\/wp\/v2\/pages\/971\/revisions\/980"}],"wp:attachment":[{"href":"https:\/\/bisonthe.com.mx\/index.php\/wp-json\/wp\/v2\/media?parent=971"}],"curies":[{"name":"wp","href":"https:\/\/api.w.org\/{rel}","templated":true}]}}