{"id":378,"date":"2024-01-09T03:14:58","date_gmt":"2024-01-09T03:14:58","guid":{"rendered":"https:\/\/bisonthe.com.mx\/?post_type=product&#038;p=378"},"modified":"2026-03-29T05:02:27","modified_gmt":"2026-03-29T05:02:27","slug":"pinza-de-chofer-hyundai-de-6-pulgadas-hypch6","status":"publish","type":"product","link":"https:\/\/bisonthe.com.mx\/index.php\/producto\/pinza-de-chofer-hyundai-de-6-pulgadas-hypch6\/","title":{"rendered":"PAQUETE DE RIEGO BISONTHE #5"},"content":{"rendered":"","protected":false},"excerpt":{"rendered":"<p>PAQUETE DE RIEGO BISONTHE #5<\/p>\n<p>INCLUYE MOTOBOMBA DE 14 CABALLOS ALTA PRESI\u00d3N, 100 METROS DE MANGUERA DE DOS PULGADAS Y 3 CA\u00d1ONES BISONTHE DE 1.5&#8243; CON TRIPI\u00c9 DE DOS PULGADAS<\/p>\n","protected":false},"featured_media":1017,"comment_status":"open","ping_status":"closed","template":"","meta":{"_joinchat":[]},"product_brand":[],"product_cat":[25],"product_tag":[],"class_list":{"0":"post-378","1":"product","2":"type-product","3":"status-publish","4":"has-post-thumbnail","6":"product_cat-motobombas","8":"first","9":"instock","10":"shipping-taxable","11":"purchasable","12":"product-type-simple"},"_links":{"self":[{"href":"https:\/\/bisonthe.com.mx\/index.php\/wp-json\/wp\/v2\/product\/378","targetHints":{"allow":["GET"]}}],"collection":[{"href":"https:\/\/bisonthe.com.mx\/index.php\/wp-json\/wp\/v2\/product"}],"about":[{"href":"https:\/\/bisonthe.com.mx\/index.php\/wp-json\/wp\/v2\/types\/product"}],"replies":[{"embeddable":true,"href":"https:\/\/bisonthe.com.mx\/index.php\/wp-json\/wp\/v2\/comments?post=378"}],"wp:featuredmedia":[{"embeddable":true,"href":"https:\/\/bisonthe.com.mx\/index.php\/wp-json\/wp\/v2\/media\/1017"}],"wp:attachment":[{"href":"https:\/\/bisonthe.com.mx\/index.php\/wp-json\/wp\/v2\/media?parent=378"}],"wp:term":[{"taxonomy":"product_brand","embeddable":true,"href":"https:\/\/bisonthe.com.mx\/index.php\/wp-json\/wp\/v2\/product_brand?post=378"},{"taxonomy":"product_cat","embeddable":true,"href":"https:\/\/bisonthe.com.mx\/index.php\/wp-json\/wp\/v2\/product_cat?post=378"},{"taxonomy":"product_tag","embeddable":true,"href":"https:\/\/bisonthe.com.mx\/index.php\/wp-json\/wp\/v2\/product_tag?post=378"}],"curies":[{"name":"wp","href":"https:\/\/api.w.org\/{rel}","templated":true}]}}