{"id":388,"date":"2024-01-09T03:18:12","date_gmt":"2024-01-09T03:18:12","guid":{"rendered":"https:\/\/bisonthe.com.mx\/?post_type=product&#038;p=388"},"modified":"2026-03-29T05:00:12","modified_gmt":"2026-03-29T05:00:12","slug":"perico-profesional-hyundai-cromado-6-pulgadas-hyper6","status":"publish","type":"product","link":"https:\/\/bisonthe.com.mx\/index.php\/producto\/perico-profesional-hyundai-cromado-6-pulgadas-hyper6\/","title":{"rendered":"PAQUETE DE RIEGO BISONTHE #3"},"content":{"rendered":"","protected":false},"excerpt":{"rendered":"<p>PAQUETE DE RIEGO BISONTHE #3<\/p>\n<p>INCLUYE UNA MOTOBOMBA DE 7 CABALLOS ALTA PRESI\u00d3N, 100 METROS DE MANGUERA DE DOS PULGADAS Y UN CA\u00d1ON BISONTHE DE 1.5&#8243; CON TRIPI\u00c9 DE DOS PULGADAS<\/p>\n","protected":false},"featured_media":1016,"comment_status":"open","ping_status":"closed","template":"","meta":{"_joinchat":[]},"product_brand":[],"product_cat":[25],"product_tag":[],"class_list":{"0":"post-388","1":"product","2":"type-product","3":"status-publish","4":"has-post-thumbnail","6":"product_cat-motobombas","8":"first","9":"instock","10":"shipping-taxable","11":"purchasable","12":"product-type-simple"},"_links":{"self":[{"href":"https:\/\/bisonthe.com.mx\/index.php\/wp-json\/wp\/v2\/product\/388","targetHints":{"allow":["GET"]}}],"collection":[{"href":"https:\/\/bisonthe.com.mx\/index.php\/wp-json\/wp\/v2\/product"}],"about":[{"href":"https:\/\/bisonthe.com.mx\/index.php\/wp-json\/wp\/v2\/types\/product"}],"replies":[{"embeddable":true,"href":"https:\/\/bisonthe.com.mx\/index.php\/wp-json\/wp\/v2\/comments?post=388"}],"wp:featuredmedia":[{"embeddable":true,"href":"https:\/\/bisonthe.com.mx\/index.php\/wp-json\/wp\/v2\/media\/1016"}],"wp:attachment":[{"href":"https:\/\/bisonthe.com.mx\/index.php\/wp-json\/wp\/v2\/media?parent=388"}],"wp:term":[{"taxonomy":"product_brand","embeddable":true,"href":"https:\/\/bisonthe.com.mx\/index.php\/wp-json\/wp\/v2\/product_brand?post=388"},{"taxonomy":"product_cat","embeddable":true,"href":"https:\/\/bisonthe.com.mx\/index.php\/wp-json\/wp\/v2\/product_cat?post=388"},{"taxonomy":"product_tag","embeddable":true,"href":"https:\/\/bisonthe.com.mx\/index.php\/wp-json\/wp\/v2\/product_tag?post=388"}],"curies":[{"name":"wp","href":"https:\/\/api.w.org\/{rel}","templated":true}]}}