{"id":474,"date":"2026-03-07T08:06:38","date_gmt":"2026-03-07T08:06:38","guid":{"rendered":"https:\/\/bisonthe.com.mx\/?post_type=product&#038;p=474"},"modified":"2026-03-07T08:10:44","modified_gmt":"2026-03-07T08:10:44","slug":"474","status":"publish","type":"product","link":"https:\/\/bisonthe.com.mx\/index.php\/producto\/474\/","title":{"rendered":"Fumigadora Aspersora Profesional Hyundai C\/Doble Lanza 25 Litros 1 Hp 26 Cc Special Edition \u2013 Hyd25v"},"content":{"rendered":"<h5 class=\"et_pb_toggle_title\">Especificaciones<\/h5>\n<div class=\"et_pb_toggle_content clearfix\">\n<div class=\"woocommerce et-dynamic-content-woo et-dynamic-content-woo--product_additional_information\">\n<table class=\"woocommerce-product-attributes shop_attributes\" aria-label=\"Detalles del producto\">\n<tbody>\n<tr class=\"woocommerce-product-attributes-item woocommerce-product-attributes-item--attribute_marca\">\n<th class=\"woocommerce-product-attributes-item__label\" scope=\"row\">Marca<\/th>\n<td class=\"woocommerce-product-attributes-item__value\">HYUNDAI<\/td>\n<\/tr>\n<tr class=\"woocommerce-product-attributes-item woocommerce-product-attributes-item--attribute_potencia\">\n<th class=\"woocommerce-product-attributes-item__label\" scope=\"row\">Potencia<\/th>\n<td class=\"woocommerce-product-attributes-item__value\">1 hp<\/td>\n<\/tr>\n<tr class=\"woocommerce-product-attributes-item woocommerce-product-attributes-item--attribute_tipo\">\n<th class=\"woocommerce-product-attributes-item__label\" scope=\"row\">Tipo<\/th>\n<td class=\"woocommerce-product-attributes-item__value\">Gasolina<\/td>\n<\/tr>\n<tr class=\"woocommerce-product-attributes-item woocommerce-product-attributes-item--attribute_cilindrada\">\n<th class=\"woocommerce-product-attributes-item__label\" scope=\"row\">Cilindrada<\/th>\n<td class=\"woocommerce-product-attributes-item__value\">26 cc<\/td>\n<\/tr>\n<tr class=\"woocommerce-product-attributes-item woocommerce-product-attributes-item--attribute_dimensiones\">\n<th class=\"woocommerce-product-attributes-item__label\" scope=\"row\">Dimensiones<\/th>\n<td class=\"woocommerce-product-attributes-item__value\">65 x 45 x 36 cm<\/td>\n<\/tr>\n<tr class=\"woocommerce-product-attributes-item woocommerce-product-attributes-item--attribute_lpm\">\n<th class=\"woocommerce-product-attributes-item__label\" scope=\"row\">Lpm<\/th>\n<td class=\"woocommerce-product-attributes-item__value\">Descarga 8 L\/min<\/td>\n<\/tr>\n<tr class=\"woocommerce-product-attributes-item woocommerce-product-attributes-item--attribute_motor\">\n<th class=\"woocommerce-product-attributes-item__label\" scope=\"row\">Motor<\/th>\n<td class=\"woocommerce-product-attributes-item__value\">2 tiempos<\/td>\n<\/tr>\n<tr class=\"woocommerce-product-attributes-item woocommerce-product-attributes-item--attribute_peso-kilogramos\">\n<th class=\"woocommerce-product-attributes-item__label\" scope=\"row\">Peso (kilogramos)<\/th>\n<td class=\"woocommerce-product-attributes-item__value\">11<\/td>\n<\/tr>\n<tr class=\"woocommerce-product-attributes-item woocommerce-product-attributes-item--attribute_presi%c3%b3n\">\n<th class=\"woocommerce-product-attributes-item__label\" scope=\"row\">Presi\u00f3n<\/th>\n<td class=\"woocommerce-product-attributes-item__value\">363 PSI\/25 Bar<\/td>\n<\/tr>\n<tr class=\"woocommerce-product-attributes-item woocommerce-product-attributes-item--attribute_capacidad-tanque-de-l%c3%adquidos\">\n<th class=\"woocommerce-product-attributes-item__label\" scope=\"row\">Capacidad Tanque de L\u00edquidos<\/th>\n<td class=\"woocommerce-product-attributes-item__value\">\n<blockquote><p>25 Litros<\/p><\/blockquote>\n<\/td>\n<\/tr>\n<\/tbody>\n<\/table>\n<\/div>\n<\/div>\n","protected":false},"excerpt":{"rendered":"<p>Fumigadora Profesional para uso agr\u00edcola con capacidad de 25 litros y motor de 2 tiempos para manejo de l\u00edquidos marca HYUNDAI.<br \/>\nIncluye 4 boquillas, doble varilla y lanza para parihuela.<br \/>\nIdeales para fumigaci\u00f3n de \u00e1rboles c\u00edtricos, ca\u00f1a de az\u00facar, ma\u00edz y todo tipo de cultivos, control de plagas.<\/p>\n","protected":false},"featured_media":464,"comment_status":"open","ping_status":"closed","template":"","meta":{"_joinchat":[]},"product_brand":[],"product_cat":[21],"product_tag":[],"class_list":{"0":"post-474","1":"product","2":"type-product","3":"status-publish","4":"has-post-thumbnail","6":"product_cat-fumigadoras","8":"first","9":"instock","10":"shipping-taxable","11":"purchasable","12":"product-type-simple"},"_links":{"self":[{"href":"https:\/\/bisonthe.com.mx\/index.php\/wp-json\/wp\/v2\/product\/474","targetHints":{"allow":["GET"]}}],"collection":[{"href":"https:\/\/bisonthe.com.mx\/index.php\/wp-json\/wp\/v2\/product"}],"about":[{"href":"https:\/\/bisonthe.com.mx\/index.php\/wp-json\/wp\/v2\/types\/product"}],"replies":[{"embeddable":true,"href":"https:\/\/bisonthe.com.mx\/index.php\/wp-json\/wp\/v2\/comments?post=474"}],"wp:featuredmedia":[{"embeddable":true,"href":"https:\/\/bisonthe.com.mx\/index.php\/wp-json\/wp\/v2\/media\/464"}],"wp:attachment":[{"href":"https:\/\/bisonthe.com.mx\/index.php\/wp-json\/wp\/v2\/media?parent=474"}],"wp:term":[{"taxonomy":"product_brand","embeddable":true,"href":"https:\/\/bisonthe.com.mx\/index.php\/wp-json\/wp\/v2\/product_brand?post=474"},{"taxonomy":"product_cat","embeddable":true,"href":"https:\/\/bisonthe.com.mx\/index.php\/wp-json\/wp\/v2\/product_cat?post=474"},{"taxonomy":"product_tag","embeddable":true,"href":"https:\/\/bisonthe.com.mx\/index.php\/wp-json\/wp\/v2\/product_tag?post=474"}],"curies":[{"name":"wp","href":"https:\/\/api.w.org\/{rel}","templated":true}]}}