{"id":476,"date":"2026-03-07T08:15:48","date_gmt":"2026-03-07T08:15:48","guid":{"rendered":"https:\/\/bisonthe.com.mx\/?post_type=product&#038;p=476"},"modified":"2026-03-07T08:17:59","modified_gmt":"2026-03-07T08:17:59","slug":"fumigadora-aspersora-swedish-husky-power-4-tiempos-doble-varilla-25-litros-1-2-hp-35-8-cc-hkf254t","status":"publish","type":"product","link":"https:\/\/bisonthe.com.mx\/index.php\/producto\/fumigadora-aspersora-swedish-husky-power-4-tiempos-doble-varilla-25-litros-1-2-hp-35-8-cc-hkf254t\/","title":{"rendered":"Fumigadora Aspersora Swedish Husky Power 4 Tiempos Doble Varilla 25 Litros 1.2 Hp 35.8 Cc \u2013 Hkf254t"},"content":{"rendered":"<h5 class=\"et_pb_toggle_title\">Especificaciones<\/h5>\n<div class=\"et_pb_toggle_content clearfix\">\n<div class=\"woocommerce et-dynamic-content-woo et-dynamic-content-woo--product_additional_information\">\n<table class=\"woocommerce-product-attributes shop_attributes\" aria-label=\"Detalles del producto\">\n<tbody>\n<tr class=\"woocommerce-product-attributes-item woocommerce-product-attributes-item--attribute_marca\">\n<th class=\"woocommerce-product-attributes-item__label\" scope=\"row\">Marca<\/th>\n<td class=\"woocommerce-product-attributes-item__value\">SWEDISH HUSKY POWER<\/td>\n<\/tr>\n<tr class=\"woocommerce-product-attributes-item woocommerce-product-attributes-item--attribute_potencia\">\n<th class=\"woocommerce-product-attributes-item__label\" scope=\"row\">Potencia<\/th>\n<td class=\"woocommerce-product-attributes-item__value\">1.2 hp<\/td>\n<\/tr>\n<tr class=\"woocommerce-product-attributes-item woocommerce-product-attributes-item--attribute_tipo\">\n<th class=\"woocommerce-product-attributes-item__label\" scope=\"row\">Tipo<\/th>\n<td class=\"woocommerce-product-attributes-item__value\">Gasolina<\/td>\n<\/tr>\n<tr class=\"woocommerce-product-attributes-item woocommerce-product-attributes-item--attribute_cilindrada\">\n<th class=\"woocommerce-product-attributes-item__label\" scope=\"row\">Cilindrada<\/th>\n<td class=\"woocommerce-product-attributes-item__value\">35.8 cc<\/td>\n<\/tr>\n<tr class=\"woocommerce-product-attributes-item woocommerce-product-attributes-item--attribute_dimensiones\">\n<th class=\"woocommerce-product-attributes-item__label\" scope=\"row\">Dimensiones<\/th>\n<td class=\"woocommerce-product-attributes-item__value\">43 x 69 x 39 cm<\/td>\n<\/tr>\n<tr class=\"woocommerce-product-attributes-item woocommerce-product-attributes-item--attribute_lpm\">\n<th class=\"woocommerce-product-attributes-item__label\" scope=\"row\">Lpm<\/th>\n<td class=\"woocommerce-product-attributes-item__value\">8<\/td>\n<\/tr>\n<tr class=\"woocommerce-product-attributes-item woocommerce-product-attributes-item--attribute_motor\">\n<th class=\"woocommerce-product-attributes-item__label\" scope=\"row\">Motor<\/th>\n<td class=\"woocommerce-product-attributes-item__value\">4 tiempos<\/td>\n<\/tr>\n<tr class=\"woocommerce-product-attributes-item woocommerce-product-attributes-item--attribute_peso-kilogramos\">\n<th class=\"woocommerce-product-attributes-item__label\" scope=\"row\">Peso (kilogramos)<\/th>\n<td class=\"woocommerce-product-attributes-item__value\">13<\/td>\n<\/tr>\n<tr class=\"woocommerce-product-attributes-item woocommerce-product-attributes-item--attribute_presi%c3%b3n\">\n<th class=\"woocommerce-product-attributes-item__label\" scope=\"row\">Presi\u00f3n<\/th>\n<td class=\"woocommerce-product-attributes-item__value\">580 Psi\/40 Bar<\/td>\n<\/tr>\n<tr class=\"woocommerce-product-attributes-item woocommerce-product-attributes-item--attribute_capacidad-tanque-de-l%c3%adquidos\">\n<th class=\"woocommerce-product-attributes-item__label\" scope=\"row\">Capacidad Tanque de L\u00edquidos<\/th>\n<td class=\"woocommerce-product-attributes-item__value\">25 Litros<\/td>\n<\/tr>\n<\/tbody>\n<\/table>\n<\/div>\n<\/div>\n","protected":false},"excerpt":{"rendered":"<p>Fumigadora Aspersora Semiprofesional de doble varilla para uso agr\u00edcola con motor de 4 tiempos y capacidad de 25 litros marca SWEDISH HUSKY POWER.<br \/>\nIncluye dos boquillas (una regulable y una de doble salida).<br \/>\nIdeales para fumigaci\u00f3n de \u00e1rboles c\u00edtricos, ca\u00f1a de az\u00facar, ma\u00edz y todo tipo de cultivos, control de plagas.<\/p>\n","protected":false},"featured_media":477,"comment_status":"open","ping_status":"closed","template":"","meta":{"_joinchat":[]},"product_brand":[],"product_cat":[21],"product_tag":[],"class_list":{"0":"post-476","1":"product","2":"type-product","3":"status-publish","4":"has-post-thumbnail","6":"product_cat-fumigadoras","8":"first","9":"instock","10":"shipping-taxable","11":"purchasable","12":"product-type-simple"},"_links":{"self":[{"href":"https:\/\/bisonthe.com.mx\/index.php\/wp-json\/wp\/v2\/product\/476","targetHints":{"allow":["GET"]}}],"collection":[{"href":"https:\/\/bisonthe.com.mx\/index.php\/wp-json\/wp\/v2\/product"}],"about":[{"href":"https:\/\/bisonthe.com.mx\/index.php\/wp-json\/wp\/v2\/types\/product"}],"replies":[{"embeddable":true,"href":"https:\/\/bisonthe.com.mx\/index.php\/wp-json\/wp\/v2\/comments?post=476"}],"wp:featuredmedia":[{"embeddable":true,"href":"https:\/\/bisonthe.com.mx\/index.php\/wp-json\/wp\/v2\/media\/477"}],"wp:attachment":[{"href":"https:\/\/bisonthe.com.mx\/index.php\/wp-json\/wp\/v2\/media?parent=476"}],"wp:term":[{"taxonomy":"product_brand","embeddable":true,"href":"https:\/\/bisonthe.com.mx\/index.php\/wp-json\/wp\/v2\/product_brand?post=476"},{"taxonomy":"product_cat","embeddable":true,"href":"https:\/\/bisonthe.com.mx\/index.php\/wp-json\/wp\/v2\/product_cat?post=476"},{"taxonomy":"product_tag","embeddable":true,"href":"https:\/\/bisonthe.com.mx\/index.php\/wp-json\/wp\/v2\/product_tag?post=476"}],"curies":[{"name":"wp","href":"https:\/\/api.w.org\/{rel}","templated":true}]}}